{"id":221,"date":"2015-10-01T12:48:26","date_gmt":"2015-10-01T10:48:26","guid":{"rendered":"http:\/\/www.stiftung-schiff-umwelt.org\/en\/?page_id=221"},"modified":"2015-11-12T11:36:03","modified_gmt":"2015-11-12T10:36:03","slug":"the-founders","status":"publish","type":"page","link":"https:\/\/schlueter.foundation\/en\/foundation\/the-founders","title":{"rendered":"The Founders"},"content":{"rendered":"<p><img loading=\"lazy\" decoding=\"async\" src=\"\/wp-content\/uploads\/jens-peter-und-betsy-schlueter.jpg\" alt=\"Jens-Peter und Betsy Schl\u00fcter\" width=\"1256\" height=\"556\" \/><\/p>\n<p><strong>\u201eI love the oceans, they mean the world to me.\u201c<\/strong><\/p>\n<p>The life of Dr Jens-Peter Schl\u00fcter and his wife Betsy has been characterized by shipping and social responsibility. This attitude ultimately led to the foundation of the Jens-Peter and Betsy Schl\u00fcter Foundation for Shipping and Environmental Protection with the aim of reconciling shipping and environmental protection. The founders intend to provide ideas and promote developments which serve for shipping and environmental protection, but which in particular ensure sustainable shipping.<\/p>\n<p>Dr Jens-Peter Schl\u00fcter was born in 1945 and comes from a ship-owner\u2019s family. In 1975, he joined the shipping company that had been founded by his father Karl in 1950, Shipping Company Karl Schl\u00fcter, which he continued to run successfully after his father died in 1994. The tradition-loving ship owner, who is very much acquainted with the history of shipping in Rendsburg, expanded his father\u2019s medium-sized shipping company to become a global enterprise, which ultimately owned 30 ships. His wife Betsy, born in 1957, always supported him.<\/p>\n<p>In 2005, he founded his first foundation and then in 2007 opened the <a href=\"http:\/\/rendsburger-schifffahrtsarchiv.de\" target=\"_blank\"> Rendsburg Shipping Archive<\/a>, which documents the history of shipping in Rendsburg and the development of shipping company Karl Schl\u00fcter. In 2007, the shipping company Karl Schl\u00fcter had to be sold for health reasons. Still in the same year, Dr Jens-Peter Schl\u00fcter acquired two new container ships and enjoyed very much seeing them passing by his office on the bank of Kiel Canal. In 2013, he then decided with his wife Betsy to set up this foundation. Dr Jens-Peter Schl\u00fcter died on the 16th of August 2014. His wife Betsy has been actively co-managing the foundation as a member of the Board of Trustees in order to thus give a voice to her husband\u2019s ideas.<\/p>\n","protected":false},"excerpt":{"rendered":"<p>\u201eI love the oceans, they mean the world to me.\u201c The life of Dr Jens-Peter Schl\u00fcter and his wife Betsy has been characterized by shipping and social responsibility. This attitude ultimately led to the foundation of the Jens-Peter and Betsy Schl\u00fcter Foundation for Shipping and Environmental Protection with the aim of reconciling shipping and environmental [&hellip;]<\/p>\n","protected":false},"author":1,"featured_media":0,"parent":219,"menu_order":0,"comment_status":"closed","ping_status":"closed","template":"","meta":{"_acf_changed":false,"footnotes":""},"class_list":["post-221","page","type-page","status-publish","hentry"],"acf":[],"_links":{"self":[{"href":"https:\/\/schlueter.foundation\/en\/wp-json\/wp\/v2\/pages\/221","targetHints":{"allow":["GET"]}}],"collection":[{"href":"https:\/\/schlueter.foundation\/en\/wp-json\/wp\/v2\/pages"}],"about":[{"href":"https:\/\/schlueter.foundation\/en\/wp-json\/wp\/v2\/types\/page"}],"author":[{"embeddable":true,"href":"https:\/\/schlueter.foundation\/en\/wp-json\/wp\/v2\/users\/1"}],"replies":[{"embeddable":true,"href":"https:\/\/schlueter.foundation\/en\/wp-json\/wp\/v2\/comments?post=221"}],"version-history":[{"count":6,"href":"https:\/\/schlueter.foundation\/en\/wp-json\/wp\/v2\/pages\/221\/revisions"}],"predecessor-version":[{"id":278,"href":"https:\/\/schlueter.foundation\/en\/wp-json\/wp\/v2\/pages\/221\/revisions\/278"}],"up":[{"embeddable":true,"href":"https:\/\/schlueter.foundation\/en\/wp-json\/wp\/v2\/pages\/219"}],"wp:attachment":[{"href":"https:\/\/schlueter.foundation\/en\/wp-json\/wp\/v2\/media?parent=221"}],"curies":[{"name":"wp","href":"https:\/\/api.w.org\/{rel}","templated":true}]}}